{"id":30850,"date":"2023-11-30T17:15:35","date_gmt":"2023-11-30T16:15:35","guid":{"rendered":"https:\/\/voxea.com\/?page_id=30850"},"modified":"2024-01-20T20:59:40","modified_gmt":"2024-01-20T19:59:40","slug":"mentions-legales","status":"publish","type":"page","link":"https:\/\/voxea.com\/fr\/mentions-legales\/","title":{"rendered":"Mentions l\u00e9gales"},"content":{"rendered":"<div class=\"strong\">\n<p><strong>Editeur du contenu de ce site Internet :<\/strong><\/p>\n<p>VOXEA SA &#8211;\u00a0Av. Benjamin-Constant 1 &#8211;\u00a01003 Lausanne<\/p>\n<p>T\u00e9l : <a href=\"tel:+41216277070\">+41 21 627 70 70<\/a><\/p>\n<p>Email :\u00a0<a href=\"mailto:info@voxea.com\">info@voxea.com<\/a><\/p>\n<p><strong>Responsable du contenu\u00a0:<\/strong>\u00a0Daniel Favre<\/p>\n<p>&nbsp;<\/p>\n<hr \/>\n<p>&nbsp;<\/p>\n<\/div>\n<ol>\n<li><strong>Marques et droits d\u2019auteur<\/strong><\/li>\n<\/ol>\n<p>VOXEA est titulaire, au sens de la Loi sur la Protection des Marques (LPM), des marques d\u00e9pos\u00e9es \u00ab\u00a0VOXEA\u00a0\u00bb, \u00ab\u00a0SAFE SCHOOL\u00a0\u00bb et \u00ab\u00a0THINK FURTHER\u00a0\u00bb.<\/p>\n<p>&nbsp;<\/p>\n<ol>\n<li value=\"2\"><strong>Propri\u00e9t\u00e9 intellectuelle<\/strong><\/li>\n<\/ol>\n<p>VOXEA est seul propri\u00e9taire de tous les droits de propri\u00e9t\u00e9 intellectuelle ou d\u00e9tient les droits d\u2019utilisation des \u00e9l\u00e9ments de contenu de ce site. \u00a0Ces droits concernent les textes, les images, les \u00e9l\u00e9ments graphiques, les logos et les animations.<\/p>\n<p>Toute reproduction, totale ou partielle de ce site, transfert, diffusion ou modification est strictement interdit sauf autorisation \u00e9crite pr\u00e9alable de VOXEA.<\/p>\n<p>&nbsp;<\/p>\n<ol>\n<li value=\"3\"><strong>Exclusion de la responsabilit\u00e9<\/strong><\/li>\n<\/ol>\n<p>Malgr\u00e9 la grande attention port\u00e9e \u00e0 la pr\u00e9cision et \u00e0 l\u2019exhaustivit\u00e9 des informations figurant sur ce site et qui sont constamment \u00e9largies et mises \u00e0 jour, VOXEA ne peut en garantir l\u2019exactitude et n\u2019est en aucun cas responsable de l\u2019utilisation faite de ces informations et de tout pr\u00e9judice direct ou indirect pouvant en d\u00e9couler.<\/p>\n<p>VOXEA se r\u00e9serve le droit de modifier et compl\u00e9ter le contenu de ce site Internet, en particulier la politique de confidentialit\u00e9 ainsi que les conditions g\u00e9n\u00e9rales et d\u2019utilisation du site.<\/p>\n<p>&nbsp;<\/p>\n<ol>\n<li value=\"4\"><strong>Renvois et liens<\/strong><\/li>\n<\/ol>\n<p>Ce site internet peut proposer des liens vers des sites internet tiers ou d\u2019autres ressources disponibles sur Internet. L\u2019acc\u00e8s \u00e0 ces sites et leur utilisation se font aux risques des utilisateurs.<\/p>\n<p>VOXEA n\u2019est pas responsable et n\u2019a aucune influence sur le contenu de ces sites tiers et ressources externes et par cons\u00e9quence ne le garanti pas. VOXEA ne peut \u00eatre tenu pour responsable de dommages \u00e9ventuels, de quelque nature que ce soit, suite \u00e0 la consultation de ces sites ou ressources externes.<\/p>\n","protected":false},"excerpt":{"rendered":"<p>Editeur du contenu de ce site Internet : VOXEA SA &#8211;\u00a0Av. Benjamin-Constant 1 &#8211;\u00a01003 Lausanne T\u00e9l : +41 21 627 70 70 Email :\u00a0info@voxea.com Responsable du contenu\u00a0:\u00a0Daniel Favre &nbsp; &nbsp; Marques et droits d\u2019auteur VOXEA est titulaire, au sens de la Loi sur la Protection des Marques (LPM), des marques d\u00e9pos\u00e9es \u00ab\u00a0VOXEA\u00a0\u00bb, \u00ab\u00a0SAFE SCHOOL\u00a0\u00bb et [&hellip;]<\/p>\n","protected":false},"author":5,"featured_media":31496,"parent":0,"menu_order":0,"comment_status":"closed","ping_status":"closed","template":"","meta":{"footnotes":""},"class_list":["post-30850","page","type-page","status-publish","has-post-thumbnail","hentry"],"yoast_head":"<!-- This site is optimized with the Yoast SEO plugin v27.4 - https:\/\/yoast.com\/product\/yoast-seo-wordpress\/ -->\n<title>Mentions l\u00e9gales - Voxea<\/title>\n<meta name=\"robots\" content=\"index, follow, max-snippet:-1, max-image-preview:large, max-video-preview:-1\" \/>\n<link rel=\"canonical\" href=\"https:\/\/voxea.com\/fr\/mentions-legales\/\" \/>\n<meta property=\"og:locale\" content=\"fr_FR\" \/>\n<meta property=\"og:type\" content=\"article\" \/>\n<meta property=\"og:title\" content=\"Mentions l\u00e9gales - Voxea\" \/>\n<meta property=\"og:description\" content=\"Editeur du contenu de ce site Internet : VOXEA SA &#8211;\u00a0Av. Benjamin-Constant 1 &#8211;\u00a01003 Lausanne T\u00e9l : +41 21 627 70 70 Email :\u00a0info@voxea.com Responsable du contenu\u00a0:\u00a0Daniel Favre &nbsp; &nbsp; Marques et droits d\u2019auteur VOXEA est titulaire, au sens de la Loi sur la Protection des Marques (LPM), des marques d\u00e9pos\u00e9es \u00ab\u00a0VOXEA\u00a0\u00bb, \u00ab\u00a0SAFE SCHOOL\u00a0\u00bb et [&hellip;]\" \/>\n<meta property=\"og:url\" content=\"https:\/\/voxea.com\/fr\/mentions-legales\/\" \/>\n<meta property=\"og:site_name\" content=\"Voxea\" \/>\n<meta property=\"article:publisher\" content=\"https:\/\/www.facebook.com\/Voxea\" \/>\n<meta property=\"article:modified_time\" content=\"2024-01-20T19:59:40+00:00\" \/>\n<meta property=\"og:image\" content=\"https:\/\/voxea.com\/wp-content\/uploads\/2024\/01\/106285496_l_normal_none.jpg\" \/>\n\t<meta property=\"og:image:width\" content=\"1920\" \/>\n\t<meta property=\"og:image:height\" content=\"1282\" \/>\n\t<meta property=\"og:image:type\" content=\"image\/jpeg\" \/>\n<meta name=\"twitter:card\" content=\"summary_large_image\" \/>\n<meta name=\"twitter:label1\" content=\"Dur\u00e9e de lecture estim\u00e9e\" \/>\n\t<meta name=\"twitter:data1\" content=\"2 minutes\" \/>\n<script type=\"application\/ld+json\" class=\"yoast-schema-graph\">{\"@context\":\"https:\\\/\\\/schema.org\",\"@graph\":[{\"@type\":\"WebPage\",\"@id\":\"https:\\\/\\\/voxea.com\\\/fr\\\/mentions-legales\\\/\",\"url\":\"https:\\\/\\\/voxea.com\\\/fr\\\/mentions-legales\\\/\",\"name\":\"Mentions l\u00e9gales - Voxea\",\"isPartOf\":{\"@id\":\"https:\\\/\\\/voxea.com\\\/fr\\\/#website\"},\"primaryImageOfPage\":{\"@id\":\"https:\\\/\\\/voxea.com\\\/fr\\\/mentions-legales\\\/#primaryimage\"},\"image\":{\"@id\":\"https:\\\/\\\/voxea.com\\\/fr\\\/mentions-legales\\\/#primaryimage\"},\"thumbnailUrl\":\"https:\\\/\\\/voxea.com\\\/wp-content\\\/uploads\\\/2024\\\/01\\\/106285496_l_normal_none.jpg\",\"datePublished\":\"2023-11-30T16:15:35+00:00\",\"dateModified\":\"2024-01-20T19:59:40+00:00\",\"breadcrumb\":{\"@id\":\"https:\\\/\\\/voxea.com\\\/fr\\\/mentions-legales\\\/#breadcrumb\"},\"inLanguage\":\"fr-FR\",\"potentialAction\":[{\"@type\":\"ReadAction\",\"target\":[\"https:\\\/\\\/voxea.com\\\/fr\\\/mentions-legales\\\/\"]}]},{\"@type\":\"ImageObject\",\"inLanguage\":\"fr-FR\",\"@id\":\"https:\\\/\\\/voxea.com\\\/fr\\\/mentions-legales\\\/#primaryimage\",\"url\":\"https:\\\/\\\/voxea.com\\\/wp-content\\\/uploads\\\/2024\\\/01\\\/106285496_l_normal_none.jpg\",\"contentUrl\":\"https:\\\/\\\/voxea.com\\\/wp-content\\\/uploads\\\/2024\\\/01\\\/106285496_l_normal_none.jpg\",\"width\":1920,\"height\":1282},{\"@type\":\"BreadcrumbList\",\"@id\":\"https:\\\/\\\/voxea.com\\\/fr\\\/mentions-legales\\\/#breadcrumb\",\"itemListElement\":[{\"@type\":\"ListItem\",\"position\":1,\"name\":\"Home\",\"item\":\"https:\\\/\\\/voxea.com\\\/fr\\\/\"},{\"@type\":\"ListItem\",\"position\":2,\"name\":\"Mentions l\u00e9gales\"}]},{\"@type\":\"WebSite\",\"@id\":\"https:\\\/\\\/voxea.com\\\/fr\\\/#website\",\"url\":\"https:\\\/\\\/voxea.com\\\/fr\\\/\",\"name\":\"Voxea\",\"description\":\"Ecole de langue Lausanne\",\"publisher\":{\"@id\":\"https:\\\/\\\/voxea.com\\\/fr\\\/#organization\"},\"potentialAction\":[{\"@type\":\"SearchAction\",\"target\":{\"@type\":\"EntryPoint\",\"urlTemplate\":\"https:\\\/\\\/voxea.com\\\/fr\\\/?s={search_term_string}\"},\"query-input\":{\"@type\":\"PropertyValueSpecification\",\"valueRequired\":true,\"valueName\":\"search_term_string\"}}],\"inLanguage\":\"fr-FR\"},{\"@type\":\"Organization\",\"@id\":\"https:\\\/\\\/voxea.com\\\/fr\\\/#organization\",\"name\":\"Voxea\",\"url\":\"https:\\\/\\\/voxea.com\\\/fr\\\/\",\"logo\":{\"@type\":\"ImageObject\",\"inLanguage\":\"fr-FR\",\"@id\":\"https:\\\/\\\/voxea.com\\\/fr\\\/#\\\/schema\\\/logo\\\/image\\\/\",\"url\":\"https:\\\/\\\/voxea.com\\\/wp-content\\\/uploads\\\/2023\\\/10\\\/voxea-think-color.png\",\"contentUrl\":\"https:\\\/\\\/voxea.com\\\/wp-content\\\/uploads\\\/2023\\\/10\\\/voxea-think-color.png\",\"width\":433,\"height\":172,\"caption\":\"Voxea\"},\"image\":{\"@id\":\"https:\\\/\\\/voxea.com\\\/fr\\\/#\\\/schema\\\/logo\\\/image\\\/\"},\"sameAs\":[\"https:\\\/\\\/www.facebook.com\\\/Voxea\",\"https:\\\/\\\/www.linkedin.com\\\/company\\\/voxea-sa\\\/\"]}]}<\/script>\n<!-- \/ Yoast SEO plugin. -->","yoast_head_json":{"title":"Mentions l\u00e9gales - Voxea","robots":{"index":"index","follow":"follow","max-snippet":"max-snippet:-1","max-image-preview":"max-image-preview:large","max-video-preview":"max-video-preview:-1"},"canonical":"https:\/\/voxea.com\/fr\/mentions-legales\/","og_locale":"fr_FR","og_type":"article","og_title":"Mentions l\u00e9gales - Voxea","og_description":"Editeur du contenu de ce site Internet : VOXEA SA &#8211;\u00a0Av. Benjamin-Constant 1 &#8211;\u00a01003 Lausanne T\u00e9l : +41 21 627 70 70 Email :\u00a0info@voxea.com Responsable du contenu\u00a0:\u00a0Daniel Favre &nbsp; &nbsp; Marques et droits d\u2019auteur VOXEA est titulaire, au sens de la Loi sur la Protection des Marques (LPM), des marques d\u00e9pos\u00e9es \u00ab\u00a0VOXEA\u00a0\u00bb, \u00ab\u00a0SAFE SCHOOL\u00a0\u00bb et [&hellip;]","og_url":"https:\/\/voxea.com\/fr\/mentions-legales\/","og_site_name":"Voxea","article_publisher":"https:\/\/www.facebook.com\/Voxea","article_modified_time":"2024-01-20T19:59:40+00:00","og_image":[{"width":1920,"height":1282,"url":"https:\/\/voxea.com\/wp-content\/uploads\/2024\/01\/106285496_l_normal_none.jpg","type":"image\/jpeg"}],"twitter_card":"summary_large_image","twitter_misc":{"Dur\u00e9e de lecture estim\u00e9e":"2 minutes"},"schema":{"@context":"https:\/\/schema.org","@graph":[{"@type":"WebPage","@id":"https:\/\/voxea.com\/fr\/mentions-legales\/","url":"https:\/\/voxea.com\/fr\/mentions-legales\/","name":"Mentions l\u00e9gales - Voxea","isPartOf":{"@id":"https:\/\/voxea.com\/fr\/#website"},"primaryImageOfPage":{"@id":"https:\/\/voxea.com\/fr\/mentions-legales\/#primaryimage"},"image":{"@id":"https:\/\/voxea.com\/fr\/mentions-legales\/#primaryimage"},"thumbnailUrl":"https:\/\/voxea.com\/wp-content\/uploads\/2024\/01\/106285496_l_normal_none.jpg","datePublished":"2023-11-30T16:15:35+00:00","dateModified":"2024-01-20T19:59:40+00:00","breadcrumb":{"@id":"https:\/\/voxea.com\/fr\/mentions-legales\/#breadcrumb"},"inLanguage":"fr-FR","potentialAction":[{"@type":"ReadAction","target":["https:\/\/voxea.com\/fr\/mentions-legales\/"]}]},{"@type":"ImageObject","inLanguage":"fr-FR","@id":"https:\/\/voxea.com\/fr\/mentions-legales\/#primaryimage","url":"https:\/\/voxea.com\/wp-content\/uploads\/2024\/01\/106285496_l_normal_none.jpg","contentUrl":"https:\/\/voxea.com\/wp-content\/uploads\/2024\/01\/106285496_l_normal_none.jpg","width":1920,"height":1282},{"@type":"BreadcrumbList","@id":"https:\/\/voxea.com\/fr\/mentions-legales\/#breadcrumb","itemListElement":[{"@type":"ListItem","position":1,"name":"Home","item":"https:\/\/voxea.com\/fr\/"},{"@type":"ListItem","position":2,"name":"Mentions l\u00e9gales"}]},{"@type":"WebSite","@id":"https:\/\/voxea.com\/fr\/#website","url":"https:\/\/voxea.com\/fr\/","name":"Voxea","description":"Ecole de langue Lausanne","publisher":{"@id":"https:\/\/voxea.com\/fr\/#organization"},"potentialAction":[{"@type":"SearchAction","target":{"@type":"EntryPoint","urlTemplate":"https:\/\/voxea.com\/fr\/?s={search_term_string}"},"query-input":{"@type":"PropertyValueSpecification","valueRequired":true,"valueName":"search_term_string"}}],"inLanguage":"fr-FR"},{"@type":"Organization","@id":"https:\/\/voxea.com\/fr\/#organization","name":"Voxea","url":"https:\/\/voxea.com\/fr\/","logo":{"@type":"ImageObject","inLanguage":"fr-FR","@id":"https:\/\/voxea.com\/fr\/#\/schema\/logo\/image\/","url":"https:\/\/voxea.com\/wp-content\/uploads\/2023\/10\/voxea-think-color.png","contentUrl":"https:\/\/voxea.com\/wp-content\/uploads\/2023\/10\/voxea-think-color.png","width":433,"height":172,"caption":"Voxea"},"image":{"@id":"https:\/\/voxea.com\/fr\/#\/schema\/logo\/image\/"},"sameAs":["https:\/\/www.facebook.com\/Voxea","https:\/\/www.linkedin.com\/company\/voxea-sa\/"]}]}},"_links":{"self":[{"href":"https:\/\/voxea.com\/fr\/wp-json\/wp\/v2\/pages\/30850","targetHints":{"allow":["GET"]}}],"collection":[{"href":"https:\/\/voxea.com\/fr\/wp-json\/wp\/v2\/pages"}],"about":[{"href":"https:\/\/voxea.com\/fr\/wp-json\/wp\/v2\/types\/page"}],"author":[{"embeddable":true,"href":"https:\/\/voxea.com\/fr\/wp-json\/wp\/v2\/users\/5"}],"replies":[{"embeddable":true,"href":"https:\/\/voxea.com\/fr\/wp-json\/wp\/v2\/comments?post=30850"}],"version-history":[{"count":1,"href":"https:\/\/voxea.com\/fr\/wp-json\/wp\/v2\/pages\/30850\/revisions"}],"predecessor-version":[{"id":30851,"href":"https:\/\/voxea.com\/fr\/wp-json\/wp\/v2\/pages\/30850\/revisions\/30851"}],"wp:featuredmedia":[{"embeddable":true,"href":"https:\/\/voxea.com\/fr\/wp-json\/wp\/v2\/media\/31496"}],"wp:attachment":[{"href":"https:\/\/voxea.com\/fr\/wp-json\/wp\/v2\/media?parent=30850"}],"curies":[{"name":"wp","href":"https:\/\/api.w.org\/{rel}","templated":true}]}}