{"id":30840,"date":"2023-11-30T17:05:42","date_gmt":"2023-11-30T16:05:42","guid":{"rendered":"https:\/\/voxea.com\/?page_id=30840"},"modified":"2024-01-20T21:00:50","modified_gmt":"2024-01-20T20:00:50","slug":"politique-de-confidentialite","status":"publish","type":"page","link":"https:\/\/voxea.com\/fr\/politique-de-confidentialite\/","title":{"rendered":"Politique de confidentialit\u00e9"},"content":{"rendered":"<div class=\"strong\">\n<p>La confidentialit\u00e9 de nos visiteurs et clients est tr\u00e8s importante \u00e0 nos yeux,et nous nous engageons \u00e0 la prot\u00e9ger. Nous respectons votre vie priv\u00e9e et votre personnalit\u00e9. De ce fait, la protection de vos donn\u00e9es personnelles est une pr\u00e9occupation essentielle pour nous.<\/p>\n<p>Nous communiquons la pr\u00e9sente d\u00e9claration de confidentialit\u00e9 pour vous aider \u00e0 comprendre ce que nous pouvons faire avec des donn\u00e9es personnelles que nous obtenons par vos soins. En nous fournissant vos donn\u00e9es personnelles sur notre site internet et lors de votre passage chez VOXEA, vous signifiez votre acceptation de notre d\u00e9claration de confidentialit\u00e9 et convenez que nous pouvons collecter, utiliser et divulguer vos donn\u00e9es personnelles tel que d\u00e9crit dans la pr\u00e9sente d\u00e9claration de confidentialit\u00e9.<\/p>\n<\/div>\n<p>&nbsp;<\/p>\n<div class=\"strong\">\n<hr \/>\n<p>&nbsp;<\/p>\n<\/div>\n<ol>\n<li><strong>D\u00c9FINITION DES DONN\u00c9ES PERSONNELLES<\/strong><\/li>\n<\/ol>\n<p>Les donn\u00e9es personnelles sont toutes les informations qui se rapportent \u00e0 une personne identifi\u00e9e ou identifiable.<\/p>\n<p>&nbsp;<\/p>\n<ol>\n<li value=\"2\"><strong>COLLECTE DES DONN\u00c9ES PERSONNELLES<\/strong><\/li>\n<\/ol>\n<p>Les types d\u2019informations personnelles suivants qui peuvent \u00eatre collect\u00e9s, stock\u00e9s et utilis\u00e9s sont :<\/p>\n<ul>\n<li>des informations \u00e0 propos de votre ordinateur, y compris votre adresse IP, votre localisation g\u00e9ographique, le type et la version de votre navigateur et votre syst\u00e8me d\u2019exploitation,<\/li>\n<li>des informations sur vos visites et votre utilisation de notre site web, y compris quand, \u00e0 quelle fr\u00e9quence et sous quelles circonstances vous l\u2019utilisez, la source r\u00e9f\u00e9rente, la dur\u00e9e de la visite, les pages vues et les chemins de navigation de sites web,<\/li>\n<li>des informations comme votre nom, pr\u00e9nom, date de naissance, adresse postale et \u00e9lectronique, votre langue maternelle, parcours scolaire et toute autre information de ce type que vous nous fournissez lors de toute inscription ou utilisation de la page contact sur notre site web ou \u00e0 nos bureaux sur des documents papiers,<\/li>\n<li>des informations relatives aux achats que vous faites, aux services que vous utilisez ou aux transactions que vous effectuez sur notre site web ou directement \u00e0 notre r\u00e9ception, qui incluent votre nom, pr\u00e9nom, num\u00e9ro de t\u00e9l\u00e9phone, adresse postale et \u00e9lectronique et informations bancaires (type, num\u00e9ro, nom du titulaire et date d\u2019expiration des cartes bancaires),<\/li>\n<li>des informations contenues dans toutes les communications que vous nous envoyez par e-mail ou sur notre site web, y compris leurs contenus et leurs m\u00e9tadonn\u00e9es,<\/li>\n<li>toute autre information personnelle que vous nous communiquez sous toute forme.<\/li>\n<\/ul>\n<p>&nbsp;<\/p>\n<ol>\n<li value=\"3\"><strong>UTILISATION DE DONN\u00c9ES PERSONNELLES<\/strong><\/li>\n<\/ol>\n<p>VOXEA ne vend en aucun cas les donn\u00e9es personnelles collect\u00e9es. Toutes les donn\u00e9es personnelles sont trait\u00e9es de mani\u00e8re strictement confidentielle. Elles sont utilis\u00e9es par VOXEA dans le but\u00a0:<\/p>\n<ul>\n<li>d\u2019administrer notre site web et notre entreprise,<\/li>\n<li>de personnaliser notre site web pour vous,<\/li>\n<li>de permettre votre utilisation des services propos\u00e9s sur notre site web et de notre plateforme e-learning,<\/li>\n<li>de vous fournir les services achet\u00e9s sur notre site,<\/li>\n<li>de vous envoyer des relev\u00e9s, des factures et des rappels de paiement et collecter vos paiements,<\/li>\n<li>de vous envoyer des communications commerciales,<\/li>\n<li>de vous envoyer des notifications par e-mail que vous avez express\u00e9ment demand\u00e9es,<\/li>\n<li>de fournir des informations statistiques \u00e0 propos de nos utilisateurs \u00e0 des tierces parties (sans que ces tierces parties puissent identifier d\u2019utilisateur individuel avec ces informations),<\/li>\n<li>d\u2019\u00e9laborer des statistiques utilis\u00e9es \u00e0 des fins d\u2019am\u00e9lioration continue et de management de qualit\u00e9,<\/li>\n<li>de traiter les demandes et r\u00e9clamations relatives \u00e0 nos services vous concernant,<\/li>\n<li>de maintenir la s\u00e9curit\u00e9 de notre site web et emp\u00eacher la fraude,<\/li>\n<li>de v\u00e9rifier le respect de nos conditions g\u00e9n\u00e9rales et de notre code de conduite.<\/li>\n<\/ul>\n<p>&nbsp;<\/p>\n<ol>\n<li value=\"4\"><strong>DIVULGATION DE VOS INFORMATIONS PERSONNELLES<\/strong><\/li>\n<\/ol>\n<p>Nous pouvons divulguer vos informations personnelles \u00e0 certains de nos employ\u00e9s et dirigeants, dans la mesure o\u00f9 cela est raisonnablement n\u00e9cessaire aux fins \u00e9nonc\u00e9es dans cette politique.<\/p>\n<p>Nous pouvons divulguer vos informations personnelles \u00e0 un prestataire tiers qui fournit diff\u00e9rentes prestations permettant d&rsquo;ex\u00e9cuter les services propos\u00e9s. Les types de prestataires tiers avec lesquels VOXEA peut partager des \u00e9l\u00e9ments de donn\u00e9es personnelles incluent :<\/p>\n<ul>\n<li>des assureurs et conseillers professionnels,<\/li>\n<li>des agences de s\u00e9jours linguistiques,<\/li>\n<li>des prestataires de service de paiement que VOXEA engage pour stocker ou traiter de mani\u00e8re s\u00e9curis\u00e9e les informations de paiement telles que les informations de carte bancaire n\u00e9cessaires pour effectuer l\u2019achat des cours,<\/li>\n<li>des prestataires de service de transport, excursions, voyages,<\/li>\n<li>des prestataires de services concernant des activit\u00e9s sportives,<\/li>\n<li>des prestataires d\u2019h\u00e9bergement (h\u00f4tels, pensions, familles d\u2019accueil),<\/li>\n<li>des fournisseurs d&rsquo;outils de gestion et de diffusion d&rsquo;e-mails,<\/li>\n<li>des fournisseurs de logiciels d&rsquo;agr\u00e9gation et d&rsquo;analyse de donn\u00e9es qui permettent \u00e0 VOXEA de contr\u00f4ler et d&rsquo;optimiser efficacement l&rsquo;ex\u00e9cution de ses services,<\/li>\n<li>des fournisseurs de services de gestion du recrutement,<\/li>\n<li>des fournisseurs de services de stockage sur le Cloud et d&rsquo;autres services de support informatique essentiel,<\/li>\n<li>d&rsquo;autres entreprises du groupe VOXEA, dans le but d&rsquo;am\u00e9liorer l&rsquo;ex\u00e9cution de nos services.<\/li>\n<\/ul>\n<p>VOXEA exige contractuellement de ses prestataires tiers qu\u2019ils agissent conform\u00e9ment \u00e0 la Loi sur la Protection des Donn\u00e9es (LPD).<\/p>\n<p>&nbsp;<\/p>\n<ol>\n<li value=\"5\"><strong>CONSERVATION DE VOS INFORMATIONS PERSONNELLES<\/strong><\/li>\n<\/ol>\n<p>Toutes les donn\u00e9es personnelles susmentionn\u00e9es sont conserv\u00e9es aussi longtemps que n\u00e9cessaire. Cette dur\u00e9e d\u00e9pend de l\u2019objectif de la collecte mais \u00e9galement des diff\u00e9rentes exigences impos\u00e9es \u00e0 VOXEA. (Lois, syst\u00e8me de qualit\u00e9 interne\u2026) Toutes les donn\u00e9es personnelles inutiles ou obsol\u00e8tes seront d\u00e9truites et en aucun cas conserv\u00e9es au-del\u00e0 de la dur\u00e9e n\u00e9cessaire.<\/p>\n<p>Les donn\u00e9es des d\u00e9tenteurs d\u2019un compte eVOX (plateforme e-learning), telles que nom, pr\u00e9nom et adresse e-mail, ne sont pas conserv\u00e9es apr\u00e8s la fin de l\u2019utilisation de la plateforme par l\u2019utilisateur.<\/p>\n<p>Toutefois, nous conservons des documents (y compris des documents \u00e9lectroniques) contenant des donn\u00e9es personnelles :<\/p>\n<ul>\n<li>dans la mesure o\u00f9 nous sommes tenus de le faire par la loi<\/li>\n<li>si nous pensons que les documents peuvent \u00eatre pertinents pour toute proc\u00e9dure judiciaire en cours ou potentielle et<\/li>\n<li>pour \u00e9tablir, exercer ou d\u00e9fendre nos droits l\u00e9gaux (y compris fournir des informations \u00e0 d\u2019autres \u00e0 des fins de pr\u00e9vention des fraudes et de r\u00e9duction des risques de cr\u00e9dit).<\/li>\n<\/ul>\n<p>&nbsp;<\/p>\n<ol>\n<li value=\"6\"><strong>SECURITE DE VOS INFORMATIONS PERSONNELLES<\/strong><\/li>\n<\/ol>\n<p>Nous prenons des pr\u00e9cautions techniques et organisationnelles raisonnables pour emp\u00eacher la perte, l\u2019abus ou l\u2019alt\u00e9ration de vos informations personnelles.<\/p>\n<p>Nous stockons toutes les informations personnelles que vous nous fournissez sur des serveurs s\u00e9curis\u00e9s (prot\u00e9g\u00e9s par mot de passe et pare-feu).<\/p>\n<p>Toutes les transactions financi\u00e8res \u00e9lectroniques effectu\u00e9es par le biais de notre site web sont prot\u00e9g\u00e9es par des technologies de cryptage.<\/p>\n<p>Vous reconnaissez que la transmission d\u2019informations par internet est intrins\u00e8quement non s\u00e9curis\u00e9e, et que nous ne pouvons pas garantir la s\u00e9curit\u00e9 de vos donn\u00e9es envoy\u00e9es par internet.<\/p>\n<p>&nbsp;<\/p>\n<ol>\n<li value=\"7\"><strong>VOS DROITS<\/strong><\/li>\n<\/ol>\n<p>Toute personne a le droit de demander une copie de ses donn\u00e9es personnelles, de les corriger, de les supprimer ou d\u2019en restreindre le traitement. En outre, il est possible pour tout un chacun de refuser le traitement de ses donn\u00e9es personnelles dans certaines circonstances (en particulier si VOXEA n\u2019a pas \u00e0 traiter vos donn\u00e9es pour remplir une obligation l\u00e9gale ou contractuelle). Ces droits peuvent \u00eatre limit\u00e9s, par exemple si donner suite \u00e0 une demande r\u00e9v\u00e9lait des donn\u00e9es personnelles sur quelqu&rsquo;un d&rsquo;autre ou si la personne en question demande de supprimer des informations que la loi oblige VOXEA \u00e0 conserver ou que des int\u00e9r\u00eats l\u00e9gitimes imp\u00e9rieux poussent \u00e0 conserver.<\/p>\n<p>Toute demande est soumise \u00e0 la pr\u00e9sentation de preuves suffisantes de votre identit\u00e9, \u00e0 ces fins, nous acceptons en g\u00e9n\u00e9ral une pr\u00e9sentation de votre passeport ou carte d\u2019identit\u00e9 avec photo.<\/p>\n<p>&nbsp;<\/p>\n<ol>\n<li value=\"8\"><strong>SITES WEB TIERS<\/strong><\/li>\n<\/ol>\n<p>Notre site web contient des liens hypertextes menant vers des sites web tiers et des informations les concernant. Nous n\u2019avons aucun contr\u00f4le sur ces sites, et ne sommes pas responsables de leurs politiques de confidentialit\u00e9 ni de leurs pratiques.<\/p>\n<p>&nbsp;<\/p>\n<ol>\n<li value=\"9\"><strong>COOKIES<\/strong><\/li>\n<\/ol>\n<p>Notre site Internet utilise des cookies. Les cookies sont des petits fichiers texte contenant un identifiant (une cha\u00eene de lettres et de chiffres) envoy\u00e9 par un serveur web vers un navigateur web et stock\u00e9 par le navigateur. L\u2019identifiant est alors renvoy\u00e9 au serveur \u00e0 chaque fois que le navigateur demande une page au serveur. Le but des cookies est en particulier d\u2019analyser l\u2019utilisation du site, en vue d\u2019une exploitation statistique, ainsi que d\u2019am\u00e9liorations continues. Les cookies ne contiennent en g\u00e9n\u00e9ral aucune information permettant d\u2019identifier personnellement un utilisateur, mais les informations personnelles que nous stockons \u00e0 votre sujet peuvent \u00eatre li\u00e9es aux informations stock\u00e9es dans les cookies et obtenues par les cookies.<\/p>\n<p>Nous utilisons ces cookies pour permettre et faciliter la navigation sur le site notamment en m\u00e9morisant vos pr\u00e9f\u00e9rences de navigation d\u00e9finies au cours de votre session et notre mesure d\u2019audience. Les cookies peuvent \u00eatre \u00e0 tout moment d\u00e9sactiv\u00e9s dans les param\u00e8tres de votre navigateur internet, partiellement ou en totalit\u00e9.<\/p>\n<p>En d\u00e9sactivant les cookies, certaines fonctionnalit\u00e9s de ce site peuvent \u00e9ventuellement ne plus \u00eatre disponibles.<\/p>\n<p>&nbsp;<\/p>\n<ol>\n<li value=\"10\"><strong>AMENDEMENTS<\/strong><\/li>\n<\/ol>\n<p>Nous pouvons parfois mettre cette politique \u00e0 jour en publiant une nouvelle version sur notre site web. Vous devez v\u00e9rifier cette page r\u00e9guli\u00e8rement pour vous assurer de prendre connaissance de tout changement effectu\u00e9 \u00e0 cette politique.<\/p>\n<p>&nbsp;<\/p>\n<p><a href=\"https:\/\/voxea.com\/media\/document\/0\/pdc_fr.pdf\" target=\"_blank\" rel=\"noopener\">T\u00e9l\u00e9charger<\/a><\/p>\n","protected":false},"excerpt":{"rendered":"<p>La confidentialit\u00e9 de nos visiteurs et clients est tr\u00e8s importante \u00e0 nos yeux,et nous nous engageons \u00e0 la prot\u00e9ger. Nous respectons votre vie priv\u00e9e et votre personnalit\u00e9. De ce fait, la protection de vos donn\u00e9es personnelles est une pr\u00e9occupation essentielle pour nous. Nous communiquons la pr\u00e9sente d\u00e9claration de confidentialit\u00e9 pour vous aider \u00e0 comprendre ce [&hellip;]<\/p>\n","protected":false},"author":5,"featured_media":31497,"parent":0,"menu_order":0,"comment_status":"closed","ping_status":"closed","template":"","meta":{"footnotes":""},"class_list":["post-30840","page","type-page","status-publish","has-post-thumbnail","hentry"],"yoast_head":"<!-- This site is optimized with the Yoast SEO plugin v27.3 - https:\/\/yoast.com\/product\/yoast-seo-wordpress\/ -->\n<title>Politique de confidentialit\u00e9 - Voxea<\/title>\n<meta name=\"robots\" content=\"index, follow, max-snippet:-1, max-image-preview:large, max-video-preview:-1\" \/>\n<link rel=\"canonical\" href=\"https:\/\/voxea.com\/fr\/politique-de-confidentialite\/\" \/>\n<meta property=\"og:locale\" content=\"fr_FR\" \/>\n<meta property=\"og:type\" content=\"article\" \/>\n<meta property=\"og:title\" content=\"Politique de confidentialit\u00e9 - Voxea\" \/>\n<meta property=\"og:description\" content=\"La confidentialit\u00e9 de nos visiteurs et clients est tr\u00e8s importante \u00e0 nos yeux,et nous nous engageons \u00e0 la prot\u00e9ger. Nous respectons votre vie priv\u00e9e et votre personnalit\u00e9. De ce fait, la protection de vos donn\u00e9es personnelles est une pr\u00e9occupation essentielle pour nous. Nous communiquons la pr\u00e9sente d\u00e9claration de confidentialit\u00e9 pour vous aider \u00e0 comprendre ce [&hellip;]\" \/>\n<meta property=\"og:url\" content=\"https:\/\/voxea.com\/fr\/politique-de-confidentialite\/\" \/>\n<meta property=\"og:site_name\" content=\"Voxea\" \/>\n<meta property=\"article:publisher\" content=\"https:\/\/www.facebook.com\/Voxea\" \/>\n<meta property=\"article:modified_time\" content=\"2024-01-20T20:00:50+00:00\" \/>\n<meta property=\"og:image\" content=\"https:\/\/voxea.com\/wp-content\/uploads\/2024\/01\/185438733_l_normal_none.jpg\" \/>\n\t<meta property=\"og:image:width\" content=\"1920\" \/>\n\t<meta property=\"og:image:height\" content=\"1277\" \/>\n\t<meta property=\"og:image:type\" content=\"image\/jpeg\" \/>\n<meta name=\"twitter:card\" content=\"summary_large_image\" \/>\n<meta name=\"twitter:label1\" content=\"Dur\u00e9e de lecture estim\u00e9e\" \/>\n\t<meta name=\"twitter:data1\" content=\"8 minutes\" \/>\n<script type=\"application\/ld+json\" class=\"yoast-schema-graph\">{\"@context\":\"https:\\\/\\\/schema.org\",\"@graph\":[{\"@type\":\"WebPage\",\"@id\":\"https:\\\/\\\/voxea.com\\\/fr\\\/politique-de-confidentialite\\\/\",\"url\":\"https:\\\/\\\/voxea.com\\\/fr\\\/politique-de-confidentialite\\\/\",\"name\":\"Politique de confidentialit\u00e9 - Voxea\",\"isPartOf\":{\"@id\":\"https:\\\/\\\/voxea.com\\\/fr\\\/#website\"},\"primaryImageOfPage\":{\"@id\":\"https:\\\/\\\/voxea.com\\\/fr\\\/politique-de-confidentialite\\\/#primaryimage\"},\"image\":{\"@id\":\"https:\\\/\\\/voxea.com\\\/fr\\\/politique-de-confidentialite\\\/#primaryimage\"},\"thumbnailUrl\":\"https:\\\/\\\/voxea.com\\\/wp-content\\\/uploads\\\/2024\\\/01\\\/185438733_l_normal_none.jpg\",\"datePublished\":\"2023-11-30T16:05:42+00:00\",\"dateModified\":\"2024-01-20T20:00:50+00:00\",\"breadcrumb\":{\"@id\":\"https:\\\/\\\/voxea.com\\\/fr\\\/politique-de-confidentialite\\\/#breadcrumb\"},\"inLanguage\":\"fr-FR\",\"potentialAction\":[{\"@type\":\"ReadAction\",\"target\":[\"https:\\\/\\\/voxea.com\\\/fr\\\/politique-de-confidentialite\\\/\"]}]},{\"@type\":\"ImageObject\",\"inLanguage\":\"fr-FR\",\"@id\":\"https:\\\/\\\/voxea.com\\\/fr\\\/politique-de-confidentialite\\\/#primaryimage\",\"url\":\"https:\\\/\\\/voxea.com\\\/wp-content\\\/uploads\\\/2024\\\/01\\\/185438733_l_normal_none.jpg\",\"contentUrl\":\"https:\\\/\\\/voxea.com\\\/wp-content\\\/uploads\\\/2024\\\/01\\\/185438733_l_normal_none.jpg\",\"width\":1920,\"height\":1277},{\"@type\":\"BreadcrumbList\",\"@id\":\"https:\\\/\\\/voxea.com\\\/fr\\\/politique-de-confidentialite\\\/#breadcrumb\",\"itemListElement\":[{\"@type\":\"ListItem\",\"position\":1,\"name\":\"Home\",\"item\":\"https:\\\/\\\/voxea.com\\\/fr\\\/\"},{\"@type\":\"ListItem\",\"position\":2,\"name\":\"Politique de confidentialit\u00e9\"}]},{\"@type\":\"WebSite\",\"@id\":\"https:\\\/\\\/voxea.com\\\/fr\\\/#website\",\"url\":\"https:\\\/\\\/voxea.com\\\/fr\\\/\",\"name\":\"Voxea\",\"description\":\"Ecole de langue Lausanne\",\"publisher\":{\"@id\":\"https:\\\/\\\/voxea.com\\\/fr\\\/#organization\"},\"potentialAction\":[{\"@type\":\"SearchAction\",\"target\":{\"@type\":\"EntryPoint\",\"urlTemplate\":\"https:\\\/\\\/voxea.com\\\/fr\\\/?s={search_term_string}\"},\"query-input\":{\"@type\":\"PropertyValueSpecification\",\"valueRequired\":true,\"valueName\":\"search_term_string\"}}],\"inLanguage\":\"fr-FR\"},{\"@type\":\"Organization\",\"@id\":\"https:\\\/\\\/voxea.com\\\/fr\\\/#organization\",\"name\":\"Voxea\",\"url\":\"https:\\\/\\\/voxea.com\\\/fr\\\/\",\"logo\":{\"@type\":\"ImageObject\",\"inLanguage\":\"fr-FR\",\"@id\":\"https:\\\/\\\/voxea.com\\\/fr\\\/#\\\/schema\\\/logo\\\/image\\\/\",\"url\":\"https:\\\/\\\/voxea.com\\\/wp-content\\\/uploads\\\/2023\\\/10\\\/voxea-think-color.png\",\"contentUrl\":\"https:\\\/\\\/voxea.com\\\/wp-content\\\/uploads\\\/2023\\\/10\\\/voxea-think-color.png\",\"width\":433,\"height\":172,\"caption\":\"Voxea\"},\"image\":{\"@id\":\"https:\\\/\\\/voxea.com\\\/fr\\\/#\\\/schema\\\/logo\\\/image\\\/\"},\"sameAs\":[\"https:\\\/\\\/www.facebook.com\\\/Voxea\",\"https:\\\/\\\/www.linkedin.com\\\/company\\\/voxea-sa\\\/\"]}]}<\/script>\n<!-- \/ Yoast SEO plugin. -->","yoast_head_json":{"title":"Politique de confidentialit\u00e9 - Voxea","robots":{"index":"index","follow":"follow","max-snippet":"max-snippet:-1","max-image-preview":"max-image-preview:large","max-video-preview":"max-video-preview:-1"},"canonical":"https:\/\/voxea.com\/fr\/politique-de-confidentialite\/","og_locale":"fr_FR","og_type":"article","og_title":"Politique de confidentialit\u00e9 - Voxea","og_description":"La confidentialit\u00e9 de nos visiteurs et clients est tr\u00e8s importante \u00e0 nos yeux,et nous nous engageons \u00e0 la prot\u00e9ger. Nous respectons votre vie priv\u00e9e et votre personnalit\u00e9. De ce fait, la protection de vos donn\u00e9es personnelles est une pr\u00e9occupation essentielle pour nous. Nous communiquons la pr\u00e9sente d\u00e9claration de confidentialit\u00e9 pour vous aider \u00e0 comprendre ce [&hellip;]","og_url":"https:\/\/voxea.com\/fr\/politique-de-confidentialite\/","og_site_name":"Voxea","article_publisher":"https:\/\/www.facebook.com\/Voxea","article_modified_time":"2024-01-20T20:00:50+00:00","og_image":[{"width":1920,"height":1277,"url":"https:\/\/voxea.com\/wp-content\/uploads\/2024\/01\/185438733_l_normal_none.jpg","type":"image\/jpeg"}],"twitter_card":"summary_large_image","twitter_misc":{"Dur\u00e9e de lecture estim\u00e9e":"8 minutes"},"schema":{"@context":"https:\/\/schema.org","@graph":[{"@type":"WebPage","@id":"https:\/\/voxea.com\/fr\/politique-de-confidentialite\/","url":"https:\/\/voxea.com\/fr\/politique-de-confidentialite\/","name":"Politique de confidentialit\u00e9 - Voxea","isPartOf":{"@id":"https:\/\/voxea.com\/fr\/#website"},"primaryImageOfPage":{"@id":"https:\/\/voxea.com\/fr\/politique-de-confidentialite\/#primaryimage"},"image":{"@id":"https:\/\/voxea.com\/fr\/politique-de-confidentialite\/#primaryimage"},"thumbnailUrl":"https:\/\/voxea.com\/wp-content\/uploads\/2024\/01\/185438733_l_normal_none.jpg","datePublished":"2023-11-30T16:05:42+00:00","dateModified":"2024-01-20T20:00:50+00:00","breadcrumb":{"@id":"https:\/\/voxea.com\/fr\/politique-de-confidentialite\/#breadcrumb"},"inLanguage":"fr-FR","potentialAction":[{"@type":"ReadAction","target":["https:\/\/voxea.com\/fr\/politique-de-confidentialite\/"]}]},{"@type":"ImageObject","inLanguage":"fr-FR","@id":"https:\/\/voxea.com\/fr\/politique-de-confidentialite\/#primaryimage","url":"https:\/\/voxea.com\/wp-content\/uploads\/2024\/01\/185438733_l_normal_none.jpg","contentUrl":"https:\/\/voxea.com\/wp-content\/uploads\/2024\/01\/185438733_l_normal_none.jpg","width":1920,"height":1277},{"@type":"BreadcrumbList","@id":"https:\/\/voxea.com\/fr\/politique-de-confidentialite\/#breadcrumb","itemListElement":[{"@type":"ListItem","position":1,"name":"Home","item":"https:\/\/voxea.com\/fr\/"},{"@type":"ListItem","position":2,"name":"Politique de confidentialit\u00e9"}]},{"@type":"WebSite","@id":"https:\/\/voxea.com\/fr\/#website","url":"https:\/\/voxea.com\/fr\/","name":"Voxea","description":"Ecole de langue Lausanne","publisher":{"@id":"https:\/\/voxea.com\/fr\/#organization"},"potentialAction":[{"@type":"SearchAction","target":{"@type":"EntryPoint","urlTemplate":"https:\/\/voxea.com\/fr\/?s={search_term_string}"},"query-input":{"@type":"PropertyValueSpecification","valueRequired":true,"valueName":"search_term_string"}}],"inLanguage":"fr-FR"},{"@type":"Organization","@id":"https:\/\/voxea.com\/fr\/#organization","name":"Voxea","url":"https:\/\/voxea.com\/fr\/","logo":{"@type":"ImageObject","inLanguage":"fr-FR","@id":"https:\/\/voxea.com\/fr\/#\/schema\/logo\/image\/","url":"https:\/\/voxea.com\/wp-content\/uploads\/2023\/10\/voxea-think-color.png","contentUrl":"https:\/\/voxea.com\/wp-content\/uploads\/2023\/10\/voxea-think-color.png","width":433,"height":172,"caption":"Voxea"},"image":{"@id":"https:\/\/voxea.com\/fr\/#\/schema\/logo\/image\/"},"sameAs":["https:\/\/www.facebook.com\/Voxea","https:\/\/www.linkedin.com\/company\/voxea-sa\/"]}]}},"_links":{"self":[{"href":"https:\/\/voxea.com\/fr\/wp-json\/wp\/v2\/pages\/30840","targetHints":{"allow":["GET"]}}],"collection":[{"href":"https:\/\/voxea.com\/fr\/wp-json\/wp\/v2\/pages"}],"about":[{"href":"https:\/\/voxea.com\/fr\/wp-json\/wp\/v2\/types\/page"}],"author":[{"embeddable":true,"href":"https:\/\/voxea.com\/fr\/wp-json\/wp\/v2\/users\/5"}],"replies":[{"embeddable":true,"href":"https:\/\/voxea.com\/fr\/wp-json\/wp\/v2\/comments?post=30840"}],"version-history":[{"count":5,"href":"https:\/\/voxea.com\/fr\/wp-json\/wp\/v2\/pages\/30840\/revisions"}],"predecessor-version":[{"id":30849,"href":"https:\/\/voxea.com\/fr\/wp-json\/wp\/v2\/pages\/30840\/revisions\/30849"}],"wp:featuredmedia":[{"embeddable":true,"href":"https:\/\/voxea.com\/fr\/wp-json\/wp\/v2\/media\/31497"}],"wp:attachment":[{"href":"https:\/\/voxea.com\/fr\/wp-json\/wp\/v2\/media?parent=30840"}],"curies":[{"name":"wp","href":"https:\/\/api.w.org\/{rel}","templated":true}]}}