{"id":31949,"date":"2023-11-30T17:05:42","date_gmt":"2023-11-30T16:05:42","guid":{"rendered":"https:\/\/voxea.com\/datenschutzrichtlinie\/"},"modified":"2024-01-28T11:01:56","modified_gmt":"2024-01-28T10:01:56","slug":"datenschutzrichtlinie","status":"publish","type":"page","link":"https:\/\/voxea.com\/de\/datenschutzrichtlinie\/","title":{"rendered":"Datenschutz"},"content":{"rendered":"<div class=\"strong\">\n<p>Die Privatsph\u00e4re unserer Besucher und Kunden ist uns sehr wichtig und wir verpflichten uns, sie zu sch\u00fctzen. Wir respektieren Ihre Privatsph\u00e4re und Ihre Pers\u00f6nlichkeit. Daher ist der Schutz Ihrer pers\u00f6nlichen Daten f\u00fcr uns von gr\u00f6\u00dfter Bedeutung.<\/p>\n<p>Wir ver\u00f6ffentlichen diese Datenschutzerkl\u00e4rung, um Ihnen zu helfen zu verstehen, was wir mit den von Ihnen bereitgestellten pers\u00f6nlichen Daten tun k\u00f6nnen. Indem Sie uns Ihre pers\u00f6nlichen Daten auf unserer Website zur Verf\u00fcgung stellen und VOXEA besuchen, geben Sie Ihre Zustimmung zu unserer Datenschutzerkl\u00e4rung und erkl\u00e4ren sich damit einverstanden, dass wir Ihre pers\u00f6nlichen Daten gem\u00e4\u00df dieser Datenschutzerkl\u00e4rung sammeln, verwenden und offenlegen k\u00f6nnen.<\/p>\n<\/div>\n<p>&nbsp;<\/p>\n<div class=\"strong\">\n<hr>\n<p>&nbsp;<\/p>\n<\/div>\n<ol>\n<li><strong>DEFINITION DER PERS\u00d6NLICHEN DATEN<\/strong><\/li>\n<\/ol>\n<p>Pers\u00f6nliche Daten sind alle Informationen, die sich auf eine identifizierte oder identifizierbare Person beziehen.<\/p>\n<p>&nbsp;<\/p>\n<ol>\n<li value=\"2\"><strong>SAMMLUNG VON PERS\u00d6NLICHEN DATEN<\/strong><\/li>\n<\/ol>\n<p>Die folgenden Arten von pers\u00f6nlichen Informationen k\u00f6nnen gesammelt, gespeichert und verwendet werden:<\/p>\n<ul>\n<li>Informationen \u00fcber Ihren Computer, einschlie\u00dflich Ihrer IP-Adresse, Ihrem geografischen Standort, Typ und Version Ihres Browsers und Ihres Betriebssystems,<\/li>\n<li>Informationen \u00fcber Ihre Besuche und Ihre Nutzung unserer Website, einschlie\u00dflich wann, wie oft und unter welchen Umst\u00e4nden Sie sie nutzen, die Referenzquelle, die Dauer des Besuchs, die angesehenen Seiten und die Navigationspfade auf Websites,<\/li>\n<li>Informationen wie Ihr Name, Vorname, Geburtsdatum, Post- und E-Mail-Adresse, Ihre Muttersprache, schulischer Werdegang und \u00e4hnliche Informationen, die Sie uns bei der Registrierung oder Nutzung des Kontaktformulars auf unserer Website oder in unseren B\u00fcros auf Papierdokumenten zur Verf\u00fcgung stellen,<\/li>\n<li>Informationen zu Eink\u00e4ufen, von Ihnen genutzten Diensten oder get\u00e4tigten Transaktionen auf unserer Website oder direkt an unserer Rezeption, einschlie\u00dflich Ihres Namens, Vornamens, Ihrer Telefonnummer, Post- und E-Mail-Adresse sowie Bankinformationen (Art, Nummer, Name des Inhabers und Ablaufdatum von Kreditkarten),<\/li>\n<li>Informationen in allen Kommunikationen, die Sie uns per E-Mail oder auf unserer Website senden, einschlie\u00dflich ihrer Inhalte und Metadaten,<\/li>\n<li>alle anderen pers\u00f6nlichen Informationen, die Sie uns in irgendeiner Form zur Verf\u00fcgung stellen.<\/li>\n<\/ul>\n<p>&nbsp;<\/p>\n<ol>\n<li value=\"3\"><strong>VERWENDUNG VON PERS\u00d6NLICHEN DATEN<\/strong><\/li>\n<\/ol>\n<p>VOXEA verkauft die gesammelten pers\u00f6nlichen Daten unter keinen Umst\u00e4nden. Alle pers\u00f6nlichen Daten werden streng vertraulich behandelt. Sie werden von VOXEA zu folgenden Zwecken verwendet:<\/p>\n<ul>\n<li>unsere Website und unser Unternehmen zu verwalten,<\/li>\n<li>unsere Website f\u00fcr Sie zu personalisieren,<\/li>\n<li>um Ihre Nutzung der auf unserer Website angebotenen Dienste und unserer E-Learning-Plattform zu erm\u00f6glichen,<\/li>\n<li>Ihnen die auf unserer Seite gekauften Dienstleistungen zur Verf\u00fcgung zu stellen,<\/li>\n<li>Ihnen Kontoausz\u00fcge, Rechnungen und Zahlungserinnerungen zu senden und Ihre Zahlungen zu sammeln,<\/li>\n<li>Ihnen kommerzielle Mitteilungen zu senden,<\/li>\n<li>um Ihnen E-Mail-Benachrichtigungen zu senden, die Sie ausdr\u00fccklich angefordert haben,<\/li>\n<li>statistische Informationen \u00fcber unsere Benutzer an Dritte weiterzugeben (ohne dass diese Dritten einen individuellen Benutzer anhand dieser Informationen identifizieren k\u00f6nnen),<\/li>\n<li>Statistiken zu erstellen, die zu Zwecken der kontinuierlichen Verbesserung und des Qualit\u00e4tsmanagements verwendet werden,<\/li>\n<li>Anfragen und Beschwerden \u00fcber unsere Dienstleistungen, die Sie betreffen, zu bearbeiten,<\/li>\n<li>die Sicherheit unserer Website aufrechtzuerhalten und Betrug zu verhindern,<\/li>\n<li>die Einhaltung unserer Allgemeinen Gesch\u00e4ftsbedingungen und unseres Verhaltenskodex zu \u00fcberpr\u00fcfen.<\/li>\n<\/ul>\n<p>&nbsp;<\/p>\n<ol>\n<li value=\"4\"><strong>OFFENLEGUNG IHRER PERS\u00d6NLICHEN INFORMATIONEN<\/strong><\/li>\n<\/ol>\n<p>Wir k\u00f6nnen Ihre pers\u00f6nlichen Informationen an einige unserer Mitarbeiter und F\u00fchrungskr\u00e4fte weitergeben, soweit dies f\u00fcr die in dieser Richtlinie dargelegten Zwecke vern\u00fcnftigerweise erforderlich ist.<\/p>\n<p>Wir k\u00f6nnen Ihre pers\u00f6nlichen Informationen an einen Drittanbieter weitergeben, der verschiedene Dienstleistungen zur Ausf\u00fchrung der angebotenen Dienstleistungen erbringt. Die Arten von Drittanbietern, mit denen VOXEA personenbezogene Daten teilen kann, umfassen:<\/p>\n<ul>\n<li>Versicherern und professionellen Beratern,<\/li>\n<li>Agenturen f\u00fcr Sprachreisen,<\/li>\n<li>Zahlungsdienstleister, die VOXEA beauftragt, um Zahlungsinformationen wie die f\u00fcr den Kauf von Kursen erforderlichen Kreditkartendaten sicher zu speichern oder zu verarbeiten,<\/li>\n<li>Dienstleister f\u00fcr Transport, Ausfl\u00fcge und Reisen,<\/li>\n<li>Dienstleister, die sich auf sportliche Aktivit\u00e4ten beziehen,<\/li>\n<li>Anbieter von Unterk\u00fcnften (Hotels, Pensionen, Gastfamilien),<\/li>\n<li>Anbieter von E-Mail-Verwaltungs- und -Vertriebstools,<\/li>\n<li>Anbieter von Datenaggregations- und -analyse-Software, die es VOXEA erm\u00f6glichen, die effiziente Durchf\u00fchrung seiner Dienstleistungen zu \u00fcberwachen und zu optimieren,<\/li>\n<li>Anbieter von Personalbeschaffungsdienstleistungen,<\/li>\n<li>Anbieter von Cloud-Speicherdiensten und anderen wichtigen IT-Supportdiensten,<\/li>\n<li>anderen Unternehmen der VOXEA-Gruppe, mit dem Ziel, die Ausf\u00fchrung unserer Dienstleistungen zu verbessern.<\/li>\n<\/ul>\n<p>VOXEA verlangt vertraglich von ihren Drittanbietern, dass sie im Einklang mit dem Datenschutzgesetz (DSG) handeln.<\/p>\n<p>&nbsp;<\/p>\n<ol>\n<li value=\"5\"><strong>AUFBEWAHRUNG IHRER PERS\u00d6NLICHEN INFORMATIONEN<\/strong><\/li>\n<\/ol>\n<p>Alle oben genannten pers\u00f6nlichen Daten werden so lange aufbewahrt, wie es erforderlich ist. Diese Dauer h\u00e4ngt vom Zweck der Sammlung ab, aber auch von den verschiedenen Anforderungen, die an VOXEA gestellt werden. (Gesetze, internes Qualit\u00e4tssystem&#8230;) Alle unn\u00f6tigen oder veralteten pers\u00f6nlichen Daten werden vernichtet und in keinem Fall l\u00e4nger als n\u00f6tig aufbewahrt.<\/p>\n<p>Die Daten von Inhabern eines eVOX-Kontos (E-Learning-Plattform), wie Name, Vorname und E-Mail-Adresse, werden nach Beendigung der Nutzung der Plattform durch den Nutzer nicht aufbewahrt.<\/p>\n<p>Wir behalten jedoch Dokumente (einschlie\u00dflich elektronischer Dokumente) mit pers\u00f6nlichen Daten auf:<\/p>\n<ul>\n<li>insoweit wir gesetzlich dazu verpflichtet sind<\/li>\n<li>wenn wir glauben, dass die Dokumente f\u00fcr ein laufendes oder potenzielles Gerichtsverfahren relevant sein k\u00f6nnten, und<\/li>\n<li>zur Begr\u00fcndung, Aus\u00fcbung oder Verteidigung unserer gesetzlichen Rechte (einschlie\u00dflich der Bereitstellung von Informationen f\u00fcr andere zum Zweck der Betrugspr\u00e4vention und der Verringerung von Kreditrisiken).<\/li>\n<\/ul>\n<p>&nbsp;<\/p>\n<ol>\n<li value=\"6\"><strong>SICHERHEIT IHRER PERS\u00d6NLICHEN INFORMATIONEN<\/strong><\/li>\n<\/ol>\n<p>Wir treffen angemessene technische und organisatorische Vorsichtsma\u00dfnahmen, um den Verlust, den Missbrauch oder die Ver\u00e4nderung Ihrer pers\u00f6nlichen Daten zu verhindern.<\/p>\n<p>Wir speichern alle pers\u00f6nlichen Informationen, die Sie uns zur Verf\u00fcgung stellen, auf sicheren Servern (passwortgesch\u00fctzt und mit Firewall).<\/p>\n<p>Alle elektronischen Finanztransaktionen, die \u00fcber unsere Website abgewickelt werden, sind durch Verschl\u00fcsselungstechnologien gesch\u00fctzt.<\/p>\n<p>Sie erkennen an, dass die \u00dcbertragung von Informationen \u00fcber das Internet grunds\u00e4tzlich unsicher ist und dass wir die Sicherheit Ihrer \u00fcber das Internet \u00fcbermittelten Daten nicht garantieren k\u00f6nnen.<\/p>\n<p>&nbsp;<\/p>\n<ol>\n<li value=\"7\"><strong>IHRE RECHTE<\/strong><\/li>\n<\/ol>\n<p>Jede Person hat das Recht, eine Kopie ihrer pers\u00f6nlichen Daten anzufordern, sie zu korrigieren, zu l\u00f6schen oder deren Verarbeitung einzuschr\u00e4nken. Dar\u00fcber hinaus besteht die M\u00f6glichkeit f\u00fcr jeden, die Verarbeitung seiner pers\u00f6nlichen Daten in bestimmten Situationen abzulehnen (insbesondere, wenn VOXEA nicht verpflichtet ist, Ihre Daten zur Erf\u00fcllung einer gesetzlichen oder vertraglichen Verpflichtung zu verarbeiten). Diese Rechte k\u00f6nnen eingeschr\u00e4nkt werden, z. B. wenn die Beantwortung einer Anfrage personenbezogene Daten \u00fcber eine andere Person offenlegen w\u00fcrde oder wenn die betreffende Person die L\u00f6schung von Informationen verlangt, zu deren Aufbewahrung VOXEA gesetzlich verpflichtet ist oder die aus zwingenden legitimen Interessen aufbewahrt werden m\u00fcssen.<\/p>\n<p>F\u00fcr diese Zwecke akzeptieren wir in der Regel die Vorlage Ihres Reisepasses oder Personalausweises mit Lichtbild.<\/p>\n<p>&nbsp;<\/p>\n<ol>\n<li value=\"8\"><strong>DRITTANBIETER-WEBSITES<\/strong><\/li>\n<\/ol>\n<p>Unsere Website enth\u00e4lt Hyperlinks, die zu Websites Dritter und Informationen \u00fcber diese f\u00fchren. Wir haben keine Kontrolle \u00fcber diese Websites und sind nicht f\u00fcr ihre Datenschutzrichtlinien oder Praktiken verantwortlich.<\/p>\n<p>&nbsp;<\/p>\n<ol>\n<li value=\"9\"><strong>COOKIES<\/strong><\/li>\n<\/ol>\n<p>Unsere Website verwendet Cookies. Cookies sind kleine Textdateien, die eine Kennung (eine Buchstaben- und Zahlenfolge) enthalten, die von einem Webserver an einen Webbrowser gesendet und vom Browser gespeichert wird. Die Kennung wird dann jedes Mal an den Server zur\u00fcckgegeben, wenn der Browser eine Seite vom Server anfordert. Der Zweck von Cookies besteht insbesondere darin, die Nutzung der Website zu analysieren, um sie statistisch auszuwerten sowie fortlaufend zu verbessern. Cookies enthalten in der Regel keine Informationen, mit denen ein Nutzer pers\u00f6nlich identifiziert werden kann, aber die pers\u00f6nlichen Informationen, die wir \u00fcber Sie speichern, k\u00f6nnen mit den in Cookies gespeicherten und durch Cookies erhaltenen Informationen verkn\u00fcpft werden.<\/p>\n<p>Wir verwenden diese Cookies, um das Navigieren auf der Website zu erm\u00f6glichen und zu erleichtern, insbesondere indem wir Ihre w\u00e4hrend Ihrer Sitzung festgelegten Navigationspr\u00e4ferenzen und unsere Publikumsstatistik speichern. Cookies k\u00f6nnen jederzeit in den Einstellungen Ihres Internetbrowsers teilweise oder vollst\u00e4ndig deaktiviert werden.<\/p>\n<p>Durch die Deaktivierung von Cookies k\u00f6nnen einige Funktionen dieser Website m\u00f6glicherweise nicht mehr zur Verf\u00fcgung stehen.<\/p>\n<p>&nbsp;<\/p>\n<ol>\n<li value=\"10\"><strong>\u00c4NDERUNGEN<\/strong><\/li>\n<\/ol>\n<p>Wir k\u00f6nnen diese Richtlinie gelegentlich aktualisieren, indem wir eine neue Version auf unserer Website ver\u00f6ffentlichen. Sie sollten diese Seite regelm\u00e4\u00dfig \u00fcberpr\u00fcfen, um sicherzustellen, dass Sie alle \u00c4nderungen an dieser Richtlinie zur Kenntnis nehmen.<\/p>\n<p>&nbsp;<\/p>\n<p><a href=\"https:\/\/voxea.com\/media\/document\/0\/pdc_fr.pdf\" target=\"_blank\" rel=\"noopener\">Download<\/a><\/p>\n","protected":false},"excerpt":{"rendered":"<p>Die Privatsph\u00e4re unserer Besucher und Kunden ist uns sehr wichtig und wir verpflichten uns, sie zu sch\u00fctzen. Wir respektieren Ihre Privatsph\u00e4re und Ihre Pers\u00f6nlichkeit. Daher ist der Schutz Ihrer pers\u00f6nlichen Daten f\u00fcr uns von gr\u00f6\u00dfter Bedeutung. Wir ver\u00f6ffentlichen diese Datenschutzerkl\u00e4rung, um Ihnen zu helfen zu verstehen, was wir mit den von Ihnen bereitgestellten pers\u00f6nlichen Daten [&hellip;]<\/p>\n","protected":false},"author":5,"featured_media":31882,"parent":0,"menu_order":0,"comment_status":"closed","ping_status":"closed","template":"","meta":{"footnotes":""},"class_list":["post-31949","page","type-page","status-publish","has-post-thumbnail","hentry"],"yoast_head":"<!-- This site is optimized with the Yoast SEO plugin v27.4 - https:\/\/yoast.com\/product\/yoast-seo-wordpress\/ -->\n<title>Datenschutz - Voxea<\/title>\n<meta name=\"robots\" content=\"index, follow, max-snippet:-1, max-image-preview:large, max-video-preview:-1\" \/>\n<link rel=\"canonical\" href=\"https:\/\/voxea.com\/de\/datenschutzrichtlinie\/\" \/>\n<meta property=\"og:locale\" content=\"de_DE\" \/>\n<meta property=\"og:type\" content=\"article\" \/>\n<meta property=\"og:title\" content=\"Datenschutz - Voxea\" \/>\n<meta property=\"og:description\" content=\"Die Privatsph\u00e4re unserer Besucher und Kunden ist uns sehr wichtig und wir verpflichten uns, sie zu sch\u00fctzen. Wir respektieren Ihre Privatsph\u00e4re und Ihre Pers\u00f6nlichkeit. Daher ist der Schutz Ihrer pers\u00f6nlichen Daten f\u00fcr uns von gr\u00f6\u00dfter Bedeutung. Wir ver\u00f6ffentlichen diese Datenschutzerkl\u00e4rung, um Ihnen zu helfen zu verstehen, was wir mit den von Ihnen bereitgestellten pers\u00f6nlichen Daten [&hellip;]\" \/>\n<meta property=\"og:url\" content=\"https:\/\/voxea.com\/de\/datenschutzrichtlinie\/\" \/>\n<meta property=\"og:site_name\" content=\"Voxea\" \/>\n<meta property=\"article:publisher\" content=\"https:\/\/www.facebook.com\/Voxea\" \/>\n<meta property=\"article:modified_time\" content=\"2024-01-28T10:01:56+00:00\" \/>\n<meta property=\"og:image\" content=\"https:\/\/voxea.com\/wp-content\/uploads\/2024\/01\/185438733_l_normal_none.jpg\" \/>\n\t<meta property=\"og:image:width\" content=\"1920\" \/>\n\t<meta property=\"og:image:height\" content=\"1277\" \/>\n\t<meta property=\"og:image:type\" content=\"image\/jpeg\" \/>\n<meta name=\"twitter:card\" content=\"summary_large_image\" \/>\n<meta name=\"twitter:label1\" content=\"Gesch\u00e4tzte Lesezeit\" \/>\n\t<meta name=\"twitter:data1\" content=\"7\u00a0Minuten\" \/>\n<script type=\"application\/ld+json\" class=\"yoast-schema-graph\">{\"@context\":\"https:\\\/\\\/schema.org\",\"@graph\":[{\"@type\":\"WebPage\",\"@id\":\"https:\\\/\\\/voxea.com\\\/de\\\/datenschutzrichtlinie\\\/\",\"url\":\"https:\\\/\\\/voxea.com\\\/de\\\/datenschutzrichtlinie\\\/\",\"name\":\"Datenschutz - Voxea\",\"isPartOf\":{\"@id\":\"https:\\\/\\\/voxea.com\\\/de\\\/#website\"},\"primaryImageOfPage\":{\"@id\":\"https:\\\/\\\/voxea.com\\\/de\\\/datenschutzrichtlinie\\\/#primaryimage\"},\"image\":{\"@id\":\"https:\\\/\\\/voxea.com\\\/de\\\/datenschutzrichtlinie\\\/#primaryimage\"},\"thumbnailUrl\":\"https:\\\/\\\/voxea.com\\\/wp-content\\\/uploads\\\/2024\\\/01\\\/185438733_l_normal_none.jpg\",\"datePublished\":\"2023-11-30T16:05:42+00:00\",\"dateModified\":\"2024-01-28T10:01:56+00:00\",\"breadcrumb\":{\"@id\":\"https:\\\/\\\/voxea.com\\\/de\\\/datenschutzrichtlinie\\\/#breadcrumb\"},\"inLanguage\":\"de\",\"potentialAction\":[{\"@type\":\"ReadAction\",\"target\":[\"https:\\\/\\\/voxea.com\\\/de\\\/datenschutzrichtlinie\\\/\"]}]},{\"@type\":\"ImageObject\",\"inLanguage\":\"de\",\"@id\":\"https:\\\/\\\/voxea.com\\\/de\\\/datenschutzrichtlinie\\\/#primaryimage\",\"url\":\"https:\\\/\\\/voxea.com\\\/wp-content\\\/uploads\\\/2024\\\/01\\\/185438733_l_normal_none.jpg\",\"contentUrl\":\"https:\\\/\\\/voxea.com\\\/wp-content\\\/uploads\\\/2024\\\/01\\\/185438733_l_normal_none.jpg\",\"width\":1920,\"height\":1277},{\"@type\":\"BreadcrumbList\",\"@id\":\"https:\\\/\\\/voxea.com\\\/de\\\/datenschutzrichtlinie\\\/#breadcrumb\",\"itemListElement\":[{\"@type\":\"ListItem\",\"position\":1,\"name\":\"Home\",\"item\":\"https:\\\/\\\/voxea.com\\\/de\\\/\"},{\"@type\":\"ListItem\",\"position\":2,\"name\":\"Datenschutz\"}]},{\"@type\":\"WebSite\",\"@id\":\"https:\\\/\\\/voxea.com\\\/de\\\/#website\",\"url\":\"https:\\\/\\\/voxea.com\\\/de\\\/\",\"name\":\"Voxea\",\"description\":\"Ecole de langue Lausanne\",\"publisher\":{\"@id\":\"https:\\\/\\\/voxea.com\\\/de\\\/#organization\"},\"potentialAction\":[{\"@type\":\"SearchAction\",\"target\":{\"@type\":\"EntryPoint\",\"urlTemplate\":\"https:\\\/\\\/voxea.com\\\/de\\\/?s={search_term_string}\"},\"query-input\":{\"@type\":\"PropertyValueSpecification\",\"valueRequired\":true,\"valueName\":\"search_term_string\"}}],\"inLanguage\":\"de\"},{\"@type\":\"Organization\",\"@id\":\"https:\\\/\\\/voxea.com\\\/de\\\/#organization\",\"name\":\"Voxea\",\"url\":\"https:\\\/\\\/voxea.com\\\/de\\\/\",\"logo\":{\"@type\":\"ImageObject\",\"inLanguage\":\"de\",\"@id\":\"https:\\\/\\\/voxea.com\\\/de\\\/#\\\/schema\\\/logo\\\/image\\\/\",\"url\":\"https:\\\/\\\/voxea.com\\\/wp-content\\\/uploads\\\/2023\\\/10\\\/voxea-think-color.png\",\"contentUrl\":\"https:\\\/\\\/voxea.com\\\/wp-content\\\/uploads\\\/2023\\\/10\\\/voxea-think-color.png\",\"width\":433,\"height\":172,\"caption\":\"Voxea\"},\"image\":{\"@id\":\"https:\\\/\\\/voxea.com\\\/de\\\/#\\\/schema\\\/logo\\\/image\\\/\"},\"sameAs\":[\"https:\\\/\\\/www.facebook.com\\\/Voxea\",\"https:\\\/\\\/www.linkedin.com\\\/company\\\/voxea-sa\\\/\"]}]}<\/script>\n<!-- \/ Yoast SEO plugin. -->","yoast_head_json":{"title":"Datenschutz - Voxea","robots":{"index":"index","follow":"follow","max-snippet":"max-snippet:-1","max-image-preview":"max-image-preview:large","max-video-preview":"max-video-preview:-1"},"canonical":"https:\/\/voxea.com\/de\/datenschutzrichtlinie\/","og_locale":"de_DE","og_type":"article","og_title":"Datenschutz - Voxea","og_description":"Die Privatsph\u00e4re unserer Besucher und Kunden ist uns sehr wichtig und wir verpflichten uns, sie zu sch\u00fctzen. Wir respektieren Ihre Privatsph\u00e4re und Ihre Pers\u00f6nlichkeit. Daher ist der Schutz Ihrer pers\u00f6nlichen Daten f\u00fcr uns von gr\u00f6\u00dfter Bedeutung. Wir ver\u00f6ffentlichen diese Datenschutzerkl\u00e4rung, um Ihnen zu helfen zu verstehen, was wir mit den von Ihnen bereitgestellten pers\u00f6nlichen Daten [&hellip;]","og_url":"https:\/\/voxea.com\/de\/datenschutzrichtlinie\/","og_site_name":"Voxea","article_publisher":"https:\/\/www.facebook.com\/Voxea","article_modified_time":"2024-01-28T10:01:56+00:00","og_image":[{"width":1920,"height":1277,"url":"https:\/\/voxea.com\/wp-content\/uploads\/2024\/01\/185438733_l_normal_none.jpg","type":"image\/jpeg"}],"twitter_card":"summary_large_image","twitter_misc":{"Gesch\u00e4tzte Lesezeit":"7\u00a0Minuten"},"schema":{"@context":"https:\/\/schema.org","@graph":[{"@type":"WebPage","@id":"https:\/\/voxea.com\/de\/datenschutzrichtlinie\/","url":"https:\/\/voxea.com\/de\/datenschutzrichtlinie\/","name":"Datenschutz - Voxea","isPartOf":{"@id":"https:\/\/voxea.com\/de\/#website"},"primaryImageOfPage":{"@id":"https:\/\/voxea.com\/de\/datenschutzrichtlinie\/#primaryimage"},"image":{"@id":"https:\/\/voxea.com\/de\/datenschutzrichtlinie\/#primaryimage"},"thumbnailUrl":"https:\/\/voxea.com\/wp-content\/uploads\/2024\/01\/185438733_l_normal_none.jpg","datePublished":"2023-11-30T16:05:42+00:00","dateModified":"2024-01-28T10:01:56+00:00","breadcrumb":{"@id":"https:\/\/voxea.com\/de\/datenschutzrichtlinie\/#breadcrumb"},"inLanguage":"de","potentialAction":[{"@type":"ReadAction","target":["https:\/\/voxea.com\/de\/datenschutzrichtlinie\/"]}]},{"@type":"ImageObject","inLanguage":"de","@id":"https:\/\/voxea.com\/de\/datenschutzrichtlinie\/#primaryimage","url":"https:\/\/voxea.com\/wp-content\/uploads\/2024\/01\/185438733_l_normal_none.jpg","contentUrl":"https:\/\/voxea.com\/wp-content\/uploads\/2024\/01\/185438733_l_normal_none.jpg","width":1920,"height":1277},{"@type":"BreadcrumbList","@id":"https:\/\/voxea.com\/de\/datenschutzrichtlinie\/#breadcrumb","itemListElement":[{"@type":"ListItem","position":1,"name":"Home","item":"https:\/\/voxea.com\/de\/"},{"@type":"ListItem","position":2,"name":"Datenschutz"}]},{"@type":"WebSite","@id":"https:\/\/voxea.com\/de\/#website","url":"https:\/\/voxea.com\/de\/","name":"Voxea","description":"Ecole de langue Lausanne","publisher":{"@id":"https:\/\/voxea.com\/de\/#organization"},"potentialAction":[{"@type":"SearchAction","target":{"@type":"EntryPoint","urlTemplate":"https:\/\/voxea.com\/de\/?s={search_term_string}"},"query-input":{"@type":"PropertyValueSpecification","valueRequired":true,"valueName":"search_term_string"}}],"inLanguage":"de"},{"@type":"Organization","@id":"https:\/\/voxea.com\/de\/#organization","name":"Voxea","url":"https:\/\/voxea.com\/de\/","logo":{"@type":"ImageObject","inLanguage":"de","@id":"https:\/\/voxea.com\/de\/#\/schema\/logo\/image\/","url":"https:\/\/voxea.com\/wp-content\/uploads\/2023\/10\/voxea-think-color.png","contentUrl":"https:\/\/voxea.com\/wp-content\/uploads\/2023\/10\/voxea-think-color.png","width":433,"height":172,"caption":"Voxea"},"image":{"@id":"https:\/\/voxea.com\/de\/#\/schema\/logo\/image\/"},"sameAs":["https:\/\/www.facebook.com\/Voxea","https:\/\/www.linkedin.com\/company\/voxea-sa\/"]}]}},"_links":{"self":[{"href":"https:\/\/voxea.com\/de\/wp-json\/wp\/v2\/pages\/31949","targetHints":{"allow":["GET"]}}],"collection":[{"href":"https:\/\/voxea.com\/de\/wp-json\/wp\/v2\/pages"}],"about":[{"href":"https:\/\/voxea.com\/de\/wp-json\/wp\/v2\/types\/page"}],"author":[{"embeddable":true,"href":"https:\/\/voxea.com\/de\/wp-json\/wp\/v2\/users\/5"}],"replies":[{"embeddable":true,"href":"https:\/\/voxea.com\/de\/wp-json\/wp\/v2\/comments?post=31949"}],"version-history":[{"count":1,"href":"https:\/\/voxea.com\/de\/wp-json\/wp\/v2\/pages\/31949\/revisions"}],"predecessor-version":[{"id":32162,"href":"https:\/\/voxea.com\/de\/wp-json\/wp\/v2\/pages\/31949\/revisions\/32162"}],"wp:featuredmedia":[{"embeddable":true,"href":"https:\/\/voxea.com\/de\/wp-json\/wp\/v2\/media\/31882"}],"wp:attachment":[{"href":"https:\/\/voxea.com\/de\/wp-json\/wp\/v2\/media?parent=31949"}],"curies":[{"name":"wp","href":"https:\/\/api.w.org\/{rel}","templated":true}]}}