{"id":31904,"date":"2023-11-30T17:15:35","date_gmt":"2023-11-30T16:15:35","guid":{"rendered":"https:\/\/voxea.com\/rechtliche-hinweise\/"},"modified":"2024-01-28T10:24:02","modified_gmt":"2024-01-28T09:24:02","slug":"rechtliche-hinweise","status":"publish","type":"page","link":"https:\/\/voxea.com\/de\/rechtliche-hinweise\/","title":{"rendered":"Impressum"},"content":{"rendered":"<div class=\"strong\">\n<p><strong>Herausgeber des Inhalts dieser Website :<\/strong><\/p>\n<p>VOXEA SA &#8211; Av. Benjamin-Constant 1 &#8211; 1003 Lausanne<\/p>\n<p>Tel: <a href=\"tel:+41216277070\">+41 21 627 70 70<\/a><\/p>\n<p>E-Mail: <a href=\"mailto:info@voxea.com\">info@voxea.com<\/a><\/p>\n<p><strong>Verantwortlich f\u00fcr den Inhalt:<\/strong> Daniel Favre<\/p>\n<p>&nbsp;<\/p>\n<hr>\n<p>&nbsp;<\/p>\n<\/div>\n<ol>\n<li><strong>Marken und Urheberrechte<\/strong><\/li>\n<\/ol>\n<p>VOXEA ist im Sinne des Markenschutzgesetzes (MSchG) Inhaber der eingetragenen Marken &#8222;VOXEA&#8220;, &#8222;SAFE SCHOOL&#8220; und &#8222;THINK FURTHER&#8220;.<\/p>\n<p>&nbsp;<\/p>\n<ol>\n<li value=\"2\"><strong>Geistiges Eigentum<\/strong><\/li>\n<\/ol>\n<p>VOXEA ist alleiniger Eigent\u00fcmer aller geistigen Eigentumsrechte oder besitzt die Nutzungsrechte an den Inhaltselementen dieser Website. Diese Rechte beziehen sich auf Texte, Bilder, grafische Elemente, Logos und Animationen.<\/p>\n<p>Jede vollst\u00e4ndige oder teilweise Reproduktion, \u00dcbertragung, Verbreitung oder \u00c4nderung dieser Website ist strengstens verboten, es sei denn, es liegt eine vorherige schriftliche Genehmigung von VOXEA vor.<\/p>\n<p>&nbsp;<\/p>\n<ol>\n<li value=\"3\"><strong>Haftungsausschluss<\/strong><\/li>\n<\/ol>\n<p>Trotz gro\u00dfer Sorgfalt in Bezug auf die Genauigkeit und Vollst\u00e4ndigkeit der auf dieser Website enthaltenen Informationen, die st\u00e4ndig erweitert und aktualisiert werden, kann VOXEA deren Richtigkeit nicht garantieren und ist in keiner Weise verantwortlich f\u00fcr die Verwendung dieser Informationen und f\u00fcr jegliche direkten oder indirekten Sch\u00e4den, die daraus resultieren k\u00f6nnen.<\/p>\n<p>VOXEA beh\u00e4lt sich das Recht vor, den Inhalt dieser Website, insbesondere die Datenschutzrichtlinie sowie die allgemeinen Bedingungen und Nutzungsbedingungen der Website, zu \u00e4ndern und zu erg\u00e4nzen.<\/p>\n<p>&nbsp;<\/p>\n<ol>\n<li value=\"4\"><strong>Verweise und Links<\/strong><\/li>\n<\/ol>\n<p>Diese Website kann Links zu den Websites Dritter oder anderen im Internet verf\u00fcgbaren Ressourcen anbieten. Der Zugriff auf diese Seiten und ihre Nutzung erfolgt auf eigenes Risiko der Nutzer.<\/p>\n<p>VOXEA ist nicht verantwortlich und hat keinen Einfluss auf den Inhalt dieser Drittanbieter-Websites und externen Ressourcen und kann daher keine Garantie daf\u00fcr \u00fcbernehmen. VOXEA kann nicht f\u00fcr m\u00f6gliche Sch\u00e4den jeglicher Art verantwortlich gemacht werden, die aus der Konsultation dieser Websites oder externen Ressourcen resultieren.<\/p>\n","protected":false},"excerpt":{"rendered":"<p>Herausgeber des Inhalts dieser Website : VOXEA SA &#8211; Av. Benjamin-Constant 1 &#8211; 1003 Lausanne Tel: +41 21 627 70 70 E-Mail: info@voxea.com Verantwortlich f\u00fcr den Inhalt: Daniel Favre &nbsp; &nbsp; Marken und Urheberrechte VOXEA ist im Sinne des Markenschutzgesetzes (MSchG) Inhaber der eingetragenen Marken &#8222;VOXEA&#8220;, &#8222;SAFE SCHOOL&#8220; und &#8222;THINK FURTHER&#8220;. &nbsp; Geistiges Eigentum VOXEA [&hellip;]<\/p>\n","protected":false},"author":5,"featured_media":31880,"parent":0,"menu_order":0,"comment_status":"closed","ping_status":"closed","template":"","meta":{"footnotes":""},"class_list":["post-31904","page","type-page","status-publish","has-post-thumbnail","hentry"],"yoast_head":"<!-- This site is optimized with the Yoast SEO plugin v27.5 - https:\/\/yoast.com\/product\/yoast-seo-wordpress\/ -->\n<title>Impressum - Voxea<\/title>\n<meta name=\"robots\" content=\"index, follow, max-snippet:-1, max-image-preview:large, max-video-preview:-1\" \/>\n<link rel=\"canonical\" href=\"https:\/\/voxea.com\/de\/rechtliche-hinweise\/\" \/>\n<meta property=\"og:locale\" content=\"de_DE\" \/>\n<meta property=\"og:type\" content=\"article\" \/>\n<meta property=\"og:title\" content=\"Impressum - Voxea\" \/>\n<meta property=\"og:description\" content=\"Herausgeber des Inhalts dieser Website : VOXEA SA &#8211; Av. Benjamin-Constant 1 &#8211; 1003 Lausanne Tel: +41 21 627 70 70 E-Mail: info@voxea.com Verantwortlich f\u00fcr den Inhalt: Daniel Favre &nbsp; &nbsp; Marken und Urheberrechte VOXEA ist im Sinne des Markenschutzgesetzes (MSchG) Inhaber der eingetragenen Marken &#8222;VOXEA&#8220;, &#8222;SAFE SCHOOL&#8220; und &#8222;THINK FURTHER&#8220;. &nbsp; Geistiges Eigentum VOXEA [&hellip;]\" \/>\n<meta property=\"og:url\" content=\"https:\/\/voxea.com\/de\/rechtliche-hinweise\/\" \/>\n<meta property=\"og:site_name\" content=\"Voxea\" \/>\n<meta property=\"article:publisher\" content=\"https:\/\/www.facebook.com\/Voxea\" \/>\n<meta property=\"article:modified_time\" content=\"2024-01-28T09:24:02+00:00\" \/>\n<meta property=\"og:image\" content=\"https:\/\/voxea.com\/wp-content\/uploads\/2024\/01\/106285496_l_normal_none.jpg\" \/>\n\t<meta property=\"og:image:width\" content=\"1920\" \/>\n\t<meta property=\"og:image:height\" content=\"1282\" \/>\n\t<meta property=\"og:image:type\" content=\"image\/jpeg\" \/>\n<meta name=\"twitter:card\" content=\"summary_large_image\" \/>\n<meta name=\"twitter:label1\" content=\"Gesch\u00e4tzte Lesezeit\" \/>\n\t<meta name=\"twitter:data1\" content=\"1\u00a0Minute\" \/>\n<script type=\"application\/ld+json\" class=\"yoast-schema-graph\">{\"@context\":\"https:\\\/\\\/schema.org\",\"@graph\":[{\"@type\":\"WebPage\",\"@id\":\"https:\\\/\\\/voxea.com\\\/de\\\/rechtliche-hinweise\\\/\",\"url\":\"https:\\\/\\\/voxea.com\\\/de\\\/rechtliche-hinweise\\\/\",\"name\":\"Impressum - Voxea\",\"isPartOf\":{\"@id\":\"https:\\\/\\\/voxea.com\\\/de\\\/#website\"},\"primaryImageOfPage\":{\"@id\":\"https:\\\/\\\/voxea.com\\\/de\\\/rechtliche-hinweise\\\/#primaryimage\"},\"image\":{\"@id\":\"https:\\\/\\\/voxea.com\\\/de\\\/rechtliche-hinweise\\\/#primaryimage\"},\"thumbnailUrl\":\"https:\\\/\\\/voxea.com\\\/wp-content\\\/uploads\\\/2024\\\/01\\\/106285496_l_normal_none.jpg\",\"datePublished\":\"2023-11-30T16:15:35+00:00\",\"dateModified\":\"2024-01-28T09:24:02+00:00\",\"breadcrumb\":{\"@id\":\"https:\\\/\\\/voxea.com\\\/de\\\/rechtliche-hinweise\\\/#breadcrumb\"},\"inLanguage\":\"de\",\"potentialAction\":[{\"@type\":\"ReadAction\",\"target\":[\"https:\\\/\\\/voxea.com\\\/de\\\/rechtliche-hinweise\\\/\"]}]},{\"@type\":\"ImageObject\",\"inLanguage\":\"de\",\"@id\":\"https:\\\/\\\/voxea.com\\\/de\\\/rechtliche-hinweise\\\/#primaryimage\",\"url\":\"https:\\\/\\\/voxea.com\\\/wp-content\\\/uploads\\\/2024\\\/01\\\/106285496_l_normal_none.jpg\",\"contentUrl\":\"https:\\\/\\\/voxea.com\\\/wp-content\\\/uploads\\\/2024\\\/01\\\/106285496_l_normal_none.jpg\",\"width\":1920,\"height\":1282},{\"@type\":\"BreadcrumbList\",\"@id\":\"https:\\\/\\\/voxea.com\\\/de\\\/rechtliche-hinweise\\\/#breadcrumb\",\"itemListElement\":[{\"@type\":\"ListItem\",\"position\":1,\"name\":\"Home\",\"item\":\"https:\\\/\\\/voxea.com\\\/de\\\/startseite\\\/\"},{\"@type\":\"ListItem\",\"position\":2,\"name\":\"Impressum\"}]},{\"@type\":\"WebSite\",\"@id\":\"https:\\\/\\\/voxea.com\\\/de\\\/#website\",\"url\":\"https:\\\/\\\/voxea.com\\\/de\\\/\",\"name\":\"Voxea\",\"description\":\"Ecole de langue Lausanne\",\"publisher\":{\"@id\":\"https:\\\/\\\/voxea.com\\\/de\\\/#organization\"},\"potentialAction\":[{\"@type\":\"SearchAction\",\"target\":{\"@type\":\"EntryPoint\",\"urlTemplate\":\"https:\\\/\\\/voxea.com\\\/de\\\/?s={search_term_string}\"},\"query-input\":{\"@type\":\"PropertyValueSpecification\",\"valueRequired\":true,\"valueName\":\"search_term_string\"}}],\"inLanguage\":\"de\"},{\"@type\":\"Organization\",\"@id\":\"https:\\\/\\\/voxea.com\\\/de\\\/#organization\",\"name\":\"Voxea\",\"url\":\"https:\\\/\\\/voxea.com\\\/de\\\/\",\"logo\":{\"@type\":\"ImageObject\",\"inLanguage\":\"de\",\"@id\":\"https:\\\/\\\/voxea.com\\\/de\\\/#\\\/schema\\\/logo\\\/image\\\/\",\"url\":\"https:\\\/\\\/voxea.com\\\/wp-content\\\/uploads\\\/2025\\\/07\\\/VOXEA-1973-WEBmedium.png\",\"contentUrl\":\"https:\\\/\\\/voxea.com\\\/wp-content\\\/uploads\\\/2025\\\/07\\\/VOXEA-1973-WEBmedium.png\",\"width\":500,\"height\":155,\"caption\":\"Voxea\"},\"image\":{\"@id\":\"https:\\\/\\\/voxea.com\\\/de\\\/#\\\/schema\\\/logo\\\/image\\\/\"},\"sameAs\":[\"https:\\\/\\\/www.facebook.com\\\/Voxea\",\"https:\\\/\\\/www.linkedin.com\\\/company\\\/voxea-sa\\\/\"]}]}<\/script>\n<!-- \/ Yoast SEO plugin. -->","yoast_head_json":{"title":"Impressum - Voxea","robots":{"index":"index","follow":"follow","max-snippet":"max-snippet:-1","max-image-preview":"max-image-preview:large","max-video-preview":"max-video-preview:-1"},"canonical":"https:\/\/voxea.com\/de\/rechtliche-hinweise\/","og_locale":"de_DE","og_type":"article","og_title":"Impressum - Voxea","og_description":"Herausgeber des Inhalts dieser Website : VOXEA SA &#8211; Av. Benjamin-Constant 1 &#8211; 1003 Lausanne Tel: +41 21 627 70 70 E-Mail: info@voxea.com Verantwortlich f\u00fcr den Inhalt: Daniel Favre &nbsp; &nbsp; Marken und Urheberrechte VOXEA ist im Sinne des Markenschutzgesetzes (MSchG) Inhaber der eingetragenen Marken &#8222;VOXEA&#8220;, &#8222;SAFE SCHOOL&#8220; und &#8222;THINK FURTHER&#8220;. &nbsp; Geistiges Eigentum VOXEA [&hellip;]","og_url":"https:\/\/voxea.com\/de\/rechtliche-hinweise\/","og_site_name":"Voxea","article_publisher":"https:\/\/www.facebook.com\/Voxea","article_modified_time":"2024-01-28T09:24:02+00:00","og_image":[{"width":1920,"height":1282,"url":"https:\/\/voxea.com\/wp-content\/uploads\/2024\/01\/106285496_l_normal_none.jpg","type":"image\/jpeg"}],"twitter_card":"summary_large_image","twitter_misc":{"Gesch\u00e4tzte Lesezeit":"1\u00a0Minute"},"schema":{"@context":"https:\/\/schema.org","@graph":[{"@type":"WebPage","@id":"https:\/\/voxea.com\/de\/rechtliche-hinweise\/","url":"https:\/\/voxea.com\/de\/rechtliche-hinweise\/","name":"Impressum - Voxea","isPartOf":{"@id":"https:\/\/voxea.com\/de\/#website"},"primaryImageOfPage":{"@id":"https:\/\/voxea.com\/de\/rechtliche-hinweise\/#primaryimage"},"image":{"@id":"https:\/\/voxea.com\/de\/rechtliche-hinweise\/#primaryimage"},"thumbnailUrl":"https:\/\/voxea.com\/wp-content\/uploads\/2024\/01\/106285496_l_normal_none.jpg","datePublished":"2023-11-30T16:15:35+00:00","dateModified":"2024-01-28T09:24:02+00:00","breadcrumb":{"@id":"https:\/\/voxea.com\/de\/rechtliche-hinweise\/#breadcrumb"},"inLanguage":"de","potentialAction":[{"@type":"ReadAction","target":["https:\/\/voxea.com\/de\/rechtliche-hinweise\/"]}]},{"@type":"ImageObject","inLanguage":"de","@id":"https:\/\/voxea.com\/de\/rechtliche-hinweise\/#primaryimage","url":"https:\/\/voxea.com\/wp-content\/uploads\/2024\/01\/106285496_l_normal_none.jpg","contentUrl":"https:\/\/voxea.com\/wp-content\/uploads\/2024\/01\/106285496_l_normal_none.jpg","width":1920,"height":1282},{"@type":"BreadcrumbList","@id":"https:\/\/voxea.com\/de\/rechtliche-hinweise\/#breadcrumb","itemListElement":[{"@type":"ListItem","position":1,"name":"Home","item":"https:\/\/voxea.com\/de\/startseite\/"},{"@type":"ListItem","position":2,"name":"Impressum"}]},{"@type":"WebSite","@id":"https:\/\/voxea.com\/de\/#website","url":"https:\/\/voxea.com\/de\/","name":"Voxea","description":"Ecole de langue Lausanne","publisher":{"@id":"https:\/\/voxea.com\/de\/#organization"},"potentialAction":[{"@type":"SearchAction","target":{"@type":"EntryPoint","urlTemplate":"https:\/\/voxea.com\/de\/?s={search_term_string}"},"query-input":{"@type":"PropertyValueSpecification","valueRequired":true,"valueName":"search_term_string"}}],"inLanguage":"de"},{"@type":"Organization","@id":"https:\/\/voxea.com\/de\/#organization","name":"Voxea","url":"https:\/\/voxea.com\/de\/","logo":{"@type":"ImageObject","inLanguage":"de","@id":"https:\/\/voxea.com\/de\/#\/schema\/logo\/image\/","url":"https:\/\/voxea.com\/wp-content\/uploads\/2025\/07\/VOXEA-1973-WEBmedium.png","contentUrl":"https:\/\/voxea.com\/wp-content\/uploads\/2025\/07\/VOXEA-1973-WEBmedium.png","width":500,"height":155,"caption":"Voxea"},"image":{"@id":"https:\/\/voxea.com\/de\/#\/schema\/logo\/image\/"},"sameAs":["https:\/\/www.facebook.com\/Voxea","https:\/\/www.linkedin.com\/company\/voxea-sa\/"]}]}},"_links":{"self":[{"href":"https:\/\/voxea.com\/de\/wp-json\/wp\/v2\/pages\/31904","targetHints":{"allow":["GET"]}}],"collection":[{"href":"https:\/\/voxea.com\/de\/wp-json\/wp\/v2\/pages"}],"about":[{"href":"https:\/\/voxea.com\/de\/wp-json\/wp\/v2\/types\/page"}],"author":[{"embeddable":true,"href":"https:\/\/voxea.com\/de\/wp-json\/wp\/v2\/users\/5"}],"replies":[{"embeddable":true,"href":"https:\/\/voxea.com\/de\/wp-json\/wp\/v2\/comments?post=31904"}],"version-history":[{"count":1,"href":"https:\/\/voxea.com\/de\/wp-json\/wp\/v2\/pages\/31904\/revisions"}],"predecessor-version":[{"id":32159,"href":"https:\/\/voxea.com\/de\/wp-json\/wp\/v2\/pages\/31904\/revisions\/32159"}],"wp:featuredmedia":[{"embeddable":true,"href":"https:\/\/voxea.com\/de\/wp-json\/wp\/v2\/media\/31880"}],"wp:attachment":[{"href":"https:\/\/voxea.com\/de\/wp-json\/wp\/v2\/media?parent=31904"}],"curies":[{"name":"wp","href":"https:\/\/api.w.org\/{rel}","templated":true}]}}